{"id":37,"date":"2026-01-14T06:52:00","date_gmt":"2026-01-14T05:52:00","guid":{"rendered":"https:\/\/ordo-urbis.com\/?page_id=37"},"modified":"2026-01-20T11:42:39","modified_gmt":"2026-01-20T10:42:39","slug":"accueil","status":"publish","type":"page","link":"https:\/\/ordo-urbis.com\/","title":{"rendered":"Accueil"},"content":{"rendered":"\t\t<div data-elementor-type=\"wp-page\" data-elementor-id=\"37\" class=\"elementor elementor-37\">\n\t\t\t\t<div class=\"elementor-element elementor-element-83b149c e-con-full e-flex e-con e-parent\" data-id=\"83b149c\" data-element_type=\"container\">\n\t\t<div class=\"elementor-element elementor-element-1e3afe7 e-con-full e-flex e-con e-child\" data-id=\"1e3afe7\" data-element_type=\"container\" data-settings=\"{&quot;background_background&quot;:&quot;classic&quot;}\">\n\t\t\t\t<div class=\"elementor-element elementor-element-b8f8e51 elementor-widget elementor-widget-heading\" data-id=\"b8f8e51\" data-element_type=\"widget\" data-widget_type=\"heading.default\">\n\t\t\t\t\t<h1 class=\"elementor-heading-title elementor-size-default\"><u>ORDO URBIS<\/u><\/h1>\t\t\t\t<\/div>\n\t\t\t\t<div class=\"elementor-element elementor-element-8ea6727 elementor-widget elementor-widget-heading\" data-id=\"8ea6727\" data-element_type=\"widget\" data-widget_type=\"heading.default\">\n\t\t\t\t\t<h4 class=\"elementor-heading-title elementor-size-default\">La solution fonci\u00e8re pour vos projets<\/h4>\t\t\t\t<\/div>\n\t\t\t\t<div class=\"elementor-element elementor-element-15ca4c3 elementor-widget elementor-widget-text-editor\" data-id=\"15ca4c3\" data-element_type=\"widget\" data-widget_type=\"text-editor.default\">\n\t\t\t\t\t\t\t\t\t<p>A l&rsquo;heure de la rar\u00e9faction du foncier constructible dans toute typologie de territoires (urbain, p\u00e9riurbain et m\u00eame rural), et des complexit\u00e9s croissantes r\u00e9glementaires et techniques en tout genre, le r\u00f4le du consultant foncier &#8211; urbaniste est d&rsquo;apporter au propri\u00e9taire la meilleure solution technique, \u00e9conomique et commerciale pour votre projet \u00e0 la vente comme \u00e0 l&rsquo;achat.<\/p><p>L&rsquo;avantage de la m\u00e9thode d&rsquo;assistance \u00e0 ma\u00eetrise d&rsquo;ouvrage est de livrer une solution clef en main d&rsquo;un foncier valoris\u00e9 et d&rsquo;une strat\u00e9gie commerciale efficace permettant d&rsquo;offrir un terrain \u00e0 b\u00e2tir directement libre de constructeur.<\/p><p>Nous combinons et lions ainsi nos services :<\/p><p>-d&rsquo;\u00e9tudes de potentialit\u00e9 urbanistique et financi\u00e8re ;<br \/>-de missions d&rsquo;assistance \u00e0 ma\u00eetrise d&rsquo;ouvrage ;<br \/>-de commercialisation ;<\/p>\t\t\t\t\t\t\t\t<\/div>\n\t\t\t\t<\/div>\n\t\t\t\t<div class=\"elementor-element elementor-element-1e1f675 elementor-widget__width-inherit elementor-widget elementor-widget-image\" data-id=\"1e1f675\" data-element_type=\"widget\" data-widget_type=\"image.default\">\n\t\t\t\t\t\t\t\t\t\t\t\t\t\t\t<img fetchpriority=\"high\" decoding=\"async\" width=\"837\" height=\"607\" src=\"http:\/\/ordo-urbis.com\/wp-content\/uploads\/2026\/01\/Capture-decran-2025-02-06-122200.png\" class=\"attachment-large size-large wp-image-241\" alt=\"\" srcset=\"http:\/\/ordo-urbis.com\/wp-content\/uploads\/2026\/01\/Capture-decran-2025-02-06-122200.png 837w, http:\/\/ordo-urbis.com\/wp-content\/uploads\/2026\/01\/Capture-decran-2025-02-06-122200-300x218.png 300w, http:\/\/ordo-urbis.com\/wp-content\/uploads\/2026\/01\/Capture-decran-2025-02-06-122200-768x557.png 768w\" sizes=\"(max-width: 837px) 100vw, 837px\" \/>\t\t\t\t\t\t\t\t\t\t\t\t\t\t\t<\/div>\n\t\t\t\t<\/div>\n\t\t\t\t<\/div>\n\t\t","protected":false},"excerpt":{"rendered":"<p>ORDO URBIS La solution fonci\u00e8re pour vos projets A l&rsquo;heure de la rar\u00e9faction du foncier constructible dans toute typologie de [&hellip;]<\/p>\n","protected":false},"author":1,"featured_media":0,"parent":0,"menu_order":1,"comment_status":"closed","ping_status":"closed","template":"","meta":{"site-sidebar-layout":"no-sidebar","site-content-layout":"","ast-site-content-layout":"full-width-container","site-content-style":"default","site-sidebar-style":"default","ast-global-header-display":"","ast-banner-title-visibility":"","ast-main-header-display":"","ast-hfb-above-header-display":"","ast-hfb-below-header-display":"","ast-hfb-mobile-header-display":"","site-post-title":"disabled","ast-breadcrumbs-content":"","ast-featured-img":"disabled","footer-sml-layout":"","ast-disable-related-posts":"","theme-transparent-header-meta":"","adv-header-id-meta":"","stick-header-meta":"","header-above-stick-meta":"","header-main-stick-meta":"","header-below-stick-meta":"","astra-migrate-meta-layouts":"default","ast-page-background-enabled":"default","ast-page-background-meta":{"desktop":{"background-color":"var(--ast-global-color-5)","background-image":"","background-repeat":"repeat","background-position":"center center","background-size":"auto","background-attachment":"scroll","background-type":"","background-media":"","overlay-type":"","overlay-color":"","overlay-opacity":"","overlay-gradient":""},"tablet":{"background-color":"","background-image":"","background-repeat":"repeat","background-position":"center center","background-size":"auto","background-attachment":"scroll","background-type":"","background-media":"","overlay-type":"","overlay-color":"","overlay-opacity":"","overlay-gradient":""},"mobile":{"background-color":"","background-image":"","background-repeat":"repeat","background-position":"center center","background-size":"auto","background-attachment":"scroll","background-type":"","background-media":"","overlay-type":"","overlay-color":"","overlay-opacity":"","overlay-gradient":""}},"ast-content-background-meta":{"desktop":{"background-color":"var(--ast-global-color-4)","background-image":"","background-repeat":"repeat","background-position":"center center","background-size":"auto","background-attachment":"scroll","background-type":"","background-media":"","overlay-type":"","overlay-color":"","overlay-opacity":"","overlay-gradient":""},"tablet":{"background-color":"var(--ast-global-color-4)","background-image":"","background-repeat":"repeat","background-position":"center center","background-size":"auto","background-attachment":"scroll","background-type":"","background-media":"","overlay-type":"","overlay-color":"","overlay-opacity":"","overlay-gradient":""},"mobile":{"background-color":"var(--ast-global-color-4)","background-image":"","background-repeat":"repeat","background-position":"center center","background-size":"auto","background-attachment":"scroll","background-type":"","background-media":"","overlay-type":"","overlay-color":"","overlay-opacity":"","overlay-gradient":""}},"footnotes":""},"class_list":["post-37","page","type-page","status-publish","hentry"],"_links":{"self":[{"href":"https:\/\/ordo-urbis.com\/index.php\/wp-json\/wp\/v2\/pages\/37","targetHints":{"allow":["GET"]}}],"collection":[{"href":"https:\/\/ordo-urbis.com\/index.php\/wp-json\/wp\/v2\/pages"}],"about":[{"href":"https:\/\/ordo-urbis.com\/index.php\/wp-json\/wp\/v2\/types\/page"}],"author":[{"embeddable":true,"href":"https:\/\/ordo-urbis.com\/index.php\/wp-json\/wp\/v2\/users\/1"}],"replies":[{"embeddable":true,"href":"https:\/\/ordo-urbis.com\/index.php\/wp-json\/wp\/v2\/comments?post=37"}],"version-history":[{"count":147,"href":"https:\/\/ordo-urbis.com\/index.php\/wp-json\/wp\/v2\/pages\/37\/revisions"}],"predecessor-version":[{"id":577,"href":"https:\/\/ordo-urbis.com\/index.php\/wp-json\/wp\/v2\/pages\/37\/revisions\/577"}],"wp:attachment":[{"href":"https:\/\/ordo-urbis.com\/index.php\/wp-json\/wp\/v2\/media?parent=37"}],"curies":[{"name":"wp","href":"https:\/\/api.w.org\/{rel}","templated":true}]}}