{"id":186,"date":"2026-01-15T02:49:49","date_gmt":"2026-01-15T01:49:49","guid":{"rendered":"https:\/\/ordo-urbis.com\/?page_id=186"},"modified":"2026-01-15T03:23:56","modified_gmt":"2026-01-15T02:23:56","slug":"mentions-legales","status":"publish","type":"page","link":"https:\/\/ordo-urbis.com\/index.php\/mentions-legales\/","title":{"rendered":"Mentions l\u00e9gales"},"content":{"rendered":"\t\t<div data-elementor-type=\"wp-page\" data-elementor-id=\"186\" class=\"elementor elementor-186\">\n\t\t\t\t<div class=\"elementor-element elementor-element-78bc335 e-flex e-con-boxed e-con e-parent\" data-id=\"78bc335\" data-element_type=\"container\">\n\t\t\t\t\t<div class=\"e-con-inner\">\n\t\t\t\t<div class=\"elementor-element elementor-element-751bc7e elementor-widget elementor-widget-heading\" data-id=\"751bc7e\" data-element_type=\"widget\" data-widget_type=\"heading.default\">\n\t\t\t\t\t<h2 class=\"elementor-heading-title elementor-size-default\"><div style=\"font-family: Palatino, 'Palatino Linotype', 'Book Antiqua', serif;color: #6E2E00;line-height: 1.3\">\n\n<strong>Mentions l\u00e9gales<\/strong><\/h2>\t\t\t\t<\/div>\n\t\t\t\t\t<\/div>\n\t\t\t\t<\/div>\n\t\t<div class=\"elementor-element elementor-element-a122506 e-flex e-con-boxed e-con e-parent\" data-id=\"a122506\" data-element_type=\"container\">\n\t\t\t\t\t<div class=\"e-con-inner\">\n\t\t\t\t<div class=\"elementor-element elementor-element-abc79ef elementor-widget elementor-widget-text-editor\" data-id=\"abc79ef\" data-element_type=\"widget\" data-widget_type=\"text-editor.default\">\n\t\t\t\t\t\t\t\t\t<div style=\"font-family: Palatino, 'Palatino Linotype', 'Book Antiqua', serif; color:#000000; line-height:1.3;\">\n\n<p><strong>Propri\u00e9taire :<\/strong><br>\nORDO URBIS<br>\n56, chemin des c\u00f4tes de Pech David<br>\n31400 TOULOUSE<\/p>\n\n<p><strong>Int\u00e9grateur du site Internet :<\/strong><br>\nJason CAZAURANG de BASTERRICA<\/p>\n\n<p><strong>Responsable de publication :<\/strong><br>\nJason CAZAURANG de BASTERRICA &#8211; 06 23 34 45 85\n<br>Date de cr\u00e9ation : Janvier 2026<\/p>\n\n<p><strong>Droits d&rsquo;auteur :<\/strong><br>\nToute reproduction totale ou partielle de l&rsquo;ergonomie, du graphisme, des textes, des menus, des photos ou des mises en page est interdite, conform\u00e9ment aux dispositions de l&rsquo;article L. 122-4 du Code de la propri\u00e9t\u00e9 intellectuelle. Tout contrevenant sera passible de poursuites judiciaires pour contrefa\u00e7on.<\/p>\n\n<p><strong>Cr\u00e9dits photos :<\/strong><br>\nOrdo Urbis<\/p>\n\n<p><strong>H\u00e9bergeur :<\/strong><br>\nOVHcloud<br>\n2 rue Kellermann<br>\n59100 ROUBAIX<\/p>\n\n<p><strong>Confidentialit\u00e9 des donn\u00e9es personnelles :<\/strong><br>\nVos donn\u00e9es personnelles (nom, pr\u00e9nom, adresse, code postal, ville, e-mail, &#8230;) sont collect\u00e9es dans le strict respect de la loi n\u00b02004-575 du 21 juin 2004 pour la Confiance dans l&rsquo;Economie Num\u00e9rique. Conform\u00e9ment \u00e0 la loi n\u00b078-17 du 6 janvier 1978 modifi\u00e9e et au RGPD, vous disposez d&rsquo;un droit d&rsquo;acc\u00e8s, de modification, de rectification et de suppression des donn\u00e9es vous concernant.<br>\n&#8211; Les donn\u00e9es transmises sont stock\u00e9es dans le cadre de la gestion administrative des dossiers et des \u00e9changes emails et courriers.<br>\n&#8211; Les donn\u00e9es transmises ne sont communiqu\u00e9es \u00e0 aucun tiers.<\/p>\n\n<\/div>\n\t\t\t\t\t\t\t\t<\/div>\n\t\t\t\t\t<\/div>\n\t\t\t\t<\/div>\n\t\t\t\t<\/div>\n\t\t","protected":false},"excerpt":{"rendered":"<p>Mentions l\u00e9gales Propri\u00e9taire : ORDO URBIS 56, chemin des c\u00f4tes de Pech David 31400 TOULOUSE Int\u00e9grateur du site Internet : [&hellip;]<\/p>\n","protected":false},"author":1,"featured_media":0,"parent":0,"menu_order":0,"comment_status":"closed","ping_status":"closed","template":"","meta":{"site-sidebar-layout":"no-sidebar","site-content-layout":"","ast-site-content-layout":"full-width-container","site-content-style":"default","site-sidebar-style":"default","ast-global-header-display":"","ast-banner-title-visibility":"","ast-main-header-display":"","ast-hfb-above-header-display":"","ast-hfb-below-header-display":"","ast-hfb-mobile-header-display":"","site-post-title":"disabled","ast-breadcrumbs-content":"","ast-featured-img":"disabled","footer-sml-layout":"","ast-disable-related-posts":"","theme-transparent-header-meta":"","adv-header-id-meta":"","stick-header-meta":"","header-above-stick-meta":"","header-main-stick-meta":"","header-below-stick-meta":"","astra-migrate-meta-layouts":"default","ast-page-background-enabled":"default","ast-page-background-meta":{"desktop":{"background-color":"var(--ast-global-color-5)","background-image":"","background-repeat":"repeat","background-position":"center center","background-size":"auto","background-attachment":"scroll","background-type":"","background-media":"","overlay-type":"","overlay-color":"","overlay-opacity":"","overlay-gradient":""},"tablet":{"background-color":"","background-image":"","background-repeat":"repeat","background-position":"center center","background-size":"auto","background-attachment":"scroll","background-type":"","background-media":"","overlay-type":"","overlay-color":"","overlay-opacity":"","overlay-gradient":""},"mobile":{"background-color":"","background-image":"","background-repeat":"repeat","background-position":"center center","background-size":"auto","background-attachment":"scroll","background-type":"","background-media":"","overlay-type":"","overlay-color":"","overlay-opacity":"","overlay-gradient":""}},"ast-content-background-meta":{"desktop":{"background-color":"var(--ast-global-color-4)","background-image":"","background-repeat":"repeat","background-position":"center center","background-size":"auto","background-attachment":"scroll","background-type":"","background-media":"","overlay-type":"","overlay-color":"","overlay-opacity":"","overlay-gradient":""},"tablet":{"background-color":"var(--ast-global-color-4)","background-image":"","background-repeat":"repeat","background-position":"center center","background-size":"auto","background-attachment":"scroll","background-type":"","background-media":"","overlay-type":"","overlay-color":"","overlay-opacity":"","overlay-gradient":""},"mobile":{"background-color":"var(--ast-global-color-4)","background-image":"","background-repeat":"repeat","background-position":"center center","background-size":"auto","background-attachment":"scroll","background-type":"","background-media":"","overlay-type":"","overlay-color":"","overlay-opacity":"","overlay-gradient":""}},"footnotes":""},"class_list":["post-186","page","type-page","status-publish","hentry"],"_links":{"self":[{"href":"https:\/\/ordo-urbis.com\/index.php\/wp-json\/wp\/v2\/pages\/186","targetHints":{"allow":["GET"]}}],"collection":[{"href":"https:\/\/ordo-urbis.com\/index.php\/wp-json\/wp\/v2\/pages"}],"about":[{"href":"https:\/\/ordo-urbis.com\/index.php\/wp-json\/wp\/v2\/types\/page"}],"author":[{"embeddable":true,"href":"https:\/\/ordo-urbis.com\/index.php\/wp-json\/wp\/v2\/users\/1"}],"replies":[{"embeddable":true,"href":"https:\/\/ordo-urbis.com\/index.php\/wp-json\/wp\/v2\/comments?post=186"}],"version-history":[{"count":25,"href":"https:\/\/ordo-urbis.com\/index.php\/wp-json\/wp\/v2\/pages\/186\/revisions"}],"predecessor-version":[{"id":213,"href":"https:\/\/ordo-urbis.com\/index.php\/wp-json\/wp\/v2\/pages\/186\/revisions\/213"}],"wp:attachment":[{"href":"https:\/\/ordo-urbis.com\/index.php\/wp-json\/wp\/v2\/media?parent=186"}],"curies":[{"name":"wp","href":"https:\/\/api.w.org\/{rel}","templated":true}]}}