{"id":100,"date":"2026-01-15T00:02:14","date_gmt":"2026-01-14T23:02:14","guid":{"rendered":"https:\/\/ordo-urbis.com\/?page_id=100"},"modified":"2026-01-20T11:42:04","modified_gmt":"2026-01-20T10:42:04","slug":"nos-services","status":"publish","type":"page","link":"https:\/\/ordo-urbis.com\/index.php\/nos-services\/","title":{"rendered":"Nos services"},"content":{"rendered":"\t\t<div data-elementor-type=\"wp-page\" data-elementor-id=\"100\" class=\"elementor elementor-100\">\n\t\t\t\t<div class=\"elementor-element elementor-element-f45bc2d e-flex e-con-boxed e-con e-parent\" data-id=\"f45bc2d\" data-element_type=\"container\">\n\t\t\t\t\t<div class=\"e-con-inner\">\n\t\t<div class=\"elementor-element elementor-element-3cb2ef1 e-con-full e-flex e-con e-child\" data-id=\"3cb2ef1\" data-element_type=\"container\">\n\t\t<div class=\"elementor-element elementor-element-cf1cf17 e-con-full e-flex e-con e-child\" data-id=\"cf1cf17\" data-element_type=\"container\">\n\t\t\t\t<div class=\"elementor-element elementor-element-aedb334 elementor-widget elementor-widget-heading\" data-id=\"aedb334\" data-element_type=\"widget\" data-widget_type=\"heading.default\">\n\t\t\t\t\t<h2 class=\"elementor-heading-title elementor-size-default\">Nos missions d'Assistance \u00e0 maitrise d'ouvrage<\/h2>\t\t\t\t<\/div>\n\t\t\t\t<div class=\"elementor-element elementor-element-a30e8de elementor-widget elementor-widget-text-editor\" data-id=\"a30e8de\" data-element_type=\"widget\" data-widget_type=\"text-editor.default\">\n\t\t\t\t\t\t\t\t\t<p>ORDO URBIS accompagne les propri\u00e9taires dans la conception, la structuration et la conduite de leurs projets urbains et fonciers. <b>L\u2019assistance \u00e0 ma\u00eetrise d\u2019ouvrage vise \u00e0 \u00e9clairer la d\u00e9cision \u00e0 chaque \u00e9tape<\/b> : d\u00e9finition des objectifs, analyse des contraintes r\u00e9glementaires et fonci\u00e8res, pilotage des \u00e9tudes, coordination des intervenants partenaires et suivi des proc\u00e9dures.&nbsp;<\/p>\n<p>Par une approche transversale, \u00e0 la fois strat\u00e9gique, technique et op\u00e9rationnelle, <b>ORDO URBIS s\u00e9curise les projets<\/b>, anticipe les risques et garantit la coh\u00e9rence entre intentions initiales, faisabilit\u00e9 r\u00e9elle et mise en \u0153uvre op\u00e9rationnelle.<\/p>\t\t\t\t\t\t\t\t<\/div>\n\t\t\t\t<\/div>\n\t\t\t\t<\/div>\n\t\t<div class=\"elementor-element elementor-element-24cfe1d e-con-full e-flex e-con e-child\" data-id=\"24cfe1d\" data-element_type=\"container\">\n\t\t\t\t<div class=\"elementor-element elementor-element-739464a elementor-widget__width-inherit elementor-widget elementor-widget-image\" data-id=\"739464a\" data-element_type=\"widget\" data-widget_type=\"image.default\">\n\t\t\t\t\t\t\t\t\t\t\t\t\t\t\t<img fetchpriority=\"high\" decoding=\"async\" width=\"1024\" height=\"683\" src=\"http:\/\/ordo-urbis.com\/wp-content\/uploads\/2026\/01\/AMO-1024x683.png\" class=\"attachment-large size-large wp-image-509\" alt=\"\" srcset=\"http:\/\/ordo-urbis.com\/wp-content\/uploads\/2026\/01\/AMO-1024x683.png 1024w, http:\/\/ordo-urbis.com\/wp-content\/uploads\/2026\/01\/AMO-300x200.png 300w, http:\/\/ordo-urbis.com\/wp-content\/uploads\/2026\/01\/AMO-768x512.png 768w, http:\/\/ordo-urbis.com\/wp-content\/uploads\/2026\/01\/AMO.png 1536w\" sizes=\"(max-width: 1024px) 100vw, 1024px\" \/>\t\t\t\t\t\t\t\t\t\t\t\t\t\t\t<\/div>\n\t\t\t\t<\/div>\n\t\t\t\t\t<\/div>\n\t\t\t\t<\/div>\n\t\t<div class=\"elementor-element elementor-element-396d96b e-flex e-con-boxed e-con e-parent\" data-id=\"396d96b\" data-element_type=\"container\">\n\t\t\t\t\t<div class=\"e-con-inner\">\n\t\t\t\t<div class=\"elementor-element elementor-element-56a1da8 elementor-widget__width-initial elementor-widget elementor-widget-image\" data-id=\"56a1da8\" data-element_type=\"widget\" data-widget_type=\"image.default\">\n\t\t\t\t\t\t\t\t\t\t\t\t\t\t\t<img decoding=\"async\" width=\"1024\" height=\"683\" src=\"http:\/\/ordo-urbis.com\/wp-content\/uploads\/2026\/01\/agence-de-terrain-a-batir-1024x683.png\" class=\"attachment-large size-large wp-image-522\" alt=\"\" srcset=\"http:\/\/ordo-urbis.com\/wp-content\/uploads\/2026\/01\/agence-de-terrain-a-batir-1024x683.png 1024w, http:\/\/ordo-urbis.com\/wp-content\/uploads\/2026\/01\/agence-de-terrain-a-batir-300x200.png 300w, http:\/\/ordo-urbis.com\/wp-content\/uploads\/2026\/01\/agence-de-terrain-a-batir-768x512.png 768w, http:\/\/ordo-urbis.com\/wp-content\/uploads\/2026\/01\/agence-de-terrain-a-batir.png 1536w\" sizes=\"(max-width: 1024px) 100vw, 1024px\" \/>\t\t\t\t\t\t\t\t\t\t\t\t\t\t\t<\/div>\n\t\t<div class=\"elementor-element elementor-element-3628e7f e-con-full e-flex e-con e-child\" data-id=\"3628e7f\" data-element_type=\"container\">\n\t\t<div class=\"elementor-element elementor-element-9a88af2 e-con-full e-flex e-con e-child\" data-id=\"9a88af2\" data-element_type=\"container\">\n\t\t\t\t<div class=\"elementor-element elementor-element-9d64246 elementor-widget elementor-widget-heading\" data-id=\"9d64246\" data-element_type=\"widget\" data-widget_type=\"heading.default\">\n\t\t\t\t\t<h2 class=\"elementor-heading-title elementor-size-default\">AGENCE DE TERRAINS \u00e0 b\u00e2tir<\/h2>\t\t\t\t<\/div>\n\t\t\t\t<div class=\"elementor-element elementor-element-aefdc95 elementor-widget elementor-widget-text-editor\" data-id=\"aefdc95\" data-element_type=\"widget\" data-widget_type=\"text-editor.default\">\n\t\t\t\t\t\t\t\t\t<p data-start=\"888\" data-end=\"1498\">ORDO URBIS intervient en amont et tout au long des processus de valorisation et de vente de terrains \u00e0 b\u00e2tir, qu\u2019ils soient situ\u00e9s en diffus ou int\u00e9gr\u00e9s \u00e0 des op\u00e9rations de lotissement.\u00a0<\/p><p data-start=\"888\" data-end=\"1498\"><strong>L\u2019accompagnement repose sur une lecture fine du foncier<\/strong> : analyse du potentiel constructible, compatibilit\u00e9 avec les documents d\u2019urbanisme, optimisation des divisions parcellaires et s\u00e9curisation r\u00e9glementaire. Cette approche permet de transformer un foncier contraint ou sous-valoris\u00e9 en une op\u00e9ration lisible, juridiquement s\u00e9curis\u00e9e et \u00e9conomiquement pertinente, au b\u00e9n\u00e9fice des propri\u00e9taires comme des futurs acqu\u00e9reurs.<\/p>\t\t\t\t\t\t\t\t<\/div>\n\t\t\t\t<\/div>\n\t\t\t\t<\/div>\n\t\t\t\t\t<\/div>\n\t\t\t\t<\/div>\n\t\t<div class=\"elementor-element elementor-element-bff65f2 e-flex e-con-boxed e-con e-parent\" data-id=\"bff65f2\" data-element_type=\"container\">\n\t\t\t\t\t<div class=\"e-con-inner\">\n\t\t<div class=\"elementor-element elementor-element-6e34f66 e-con-full e-flex e-con e-child\" data-id=\"6e34f66\" data-element_type=\"container\">\n\t\t<div class=\"elementor-element elementor-element-ec5485c e-con-full e-flex e-con e-child\" data-id=\"ec5485c\" data-element_type=\"container\">\n\t\t\t\t<div class=\"elementor-element elementor-element-2e06410 elementor-widget elementor-widget-heading\" data-id=\"2e06410\" data-element_type=\"widget\" data-widget_type=\"heading.default\">\n\t\t\t\t\t<h2 class=\"elementor-heading-title elementor-size-default\">Nos \u00e9tudes<\/h2>\t\t\t\t<\/div>\n\t\t\t\t<div class=\"elementor-element elementor-element-29f05fd elementor-widget elementor-widget-text-editor\" data-id=\"29f05fd\" data-element_type=\"widget\" data-widget_type=\"text-editor.default\">\n\t\t\t\t\t\t\t\t\t<p data-start=\"1551\" data-end=\"2096\"><b>ORDO URBIS r\u00e9alise des \u00e9tudes d\u2019urbanisme et d\u2019am\u00e9nagement<\/b> destin\u00e9es \u00e0 \u00e9clairer les choix strat\u00e9giques et op\u00e9rationnels des porteurs de projets.\u00a0<\/p><p data-start=\"1551\" data-end=\"2096\">Ces \u00e9tudes int\u00e8grent des analyses capacitaires\/r\u00e9glementaires, financi\u00e8res, de march\u00e9 et socio-territoriales afin d\u2019\u00e9valuer la faisabilit\u00e9, la coh\u00e9rence et la soutenabilit\u00e9 des projets envisag\u00e9s.\u00a0<\/p><p data-start=\"1551\" data-end=\"2096\">En croisant les enjeux r\u00e9glementaires, fonciers, \u00e9conomiques et territoriaux, ORDO URBIS propose des sc\u00e9narios d\u2019am\u00e9nagement r\u00e9alistes et argument\u00e9s, inscrits dans une vision de long terme et adapt\u00e9s aux sp\u00e9cificit\u00e9s locales.<\/p>\t\t\t\t\t\t\t\t<\/div>\n\t\t\t\t<\/div>\n\t\t\t\t<\/div>\n\t\t<div class=\"elementor-element elementor-element-66add36 e-con-full e-flex e-con e-child\" data-id=\"66add36\" data-element_type=\"container\">\n\t\t\t\t<div class=\"elementor-element elementor-element-80b16d6 elementor-widget elementor-widget-image\" data-id=\"80b16d6\" data-element_type=\"widget\" data-widget_type=\"image.default\">\n\t\t\t\t\t\t\t\t\t\t\t\t\t\t\t<img decoding=\"async\" width=\"1024\" height=\"683\" src=\"http:\/\/ordo-urbis.com\/wp-content\/uploads\/2026\/01\/Etudes-1024x683.png\" class=\"attachment-large size-large wp-image-527\" alt=\"\" srcset=\"http:\/\/ordo-urbis.com\/wp-content\/uploads\/2026\/01\/Etudes-1024x683.png 1024w, http:\/\/ordo-urbis.com\/wp-content\/uploads\/2026\/01\/Etudes-300x200.png 300w, http:\/\/ordo-urbis.com\/wp-content\/uploads\/2026\/01\/Etudes-768x512.png 768w, http:\/\/ordo-urbis.com\/wp-content\/uploads\/2026\/01\/Etudes.png 1536w\" sizes=\"(max-width: 1024px) 100vw, 1024px\" \/>\t\t\t\t\t\t\t\t\t\t\t\t\t\t\t<\/div>\n\t\t\t\t<\/div>\n\t\t\t\t\t<\/div>\n\t\t\t\t<\/div>\n\t\t\t\t<\/div>\n\t\t","protected":false},"excerpt":{"rendered":"<p>Nos missions d&rsquo;Assistance \u00e0 maitrise d&rsquo;ouvrage ORDO URBIS accompagne les propri\u00e9taires dans la conception, la structuration et la conduite de [&hellip;]<\/p>\n","protected":false},"author":1,"featured_media":0,"parent":0,"menu_order":3,"comment_status":"closed","ping_status":"closed","template":"","meta":{"site-sidebar-layout":"no-sidebar","site-content-layout":"","ast-site-content-layout":"full-width-container","site-content-style":"default","site-sidebar-style":"default","ast-global-header-display":"","ast-banner-title-visibility":"","ast-main-header-display":"","ast-hfb-above-header-display":"","ast-hfb-below-header-display":"","ast-hfb-mobile-header-display":"","site-post-title":"disabled","ast-breadcrumbs-content":"","ast-featured-img":"disabled","footer-sml-layout":"","ast-disable-related-posts":"","theme-transparent-header-meta":"","adv-header-id-meta":"","stick-header-meta":"","header-above-stick-meta":"","header-main-stick-meta":"","header-below-stick-meta":"","astra-migrate-meta-layouts":"default","ast-page-background-enabled":"default","ast-page-background-meta":{"desktop":{"background-color":"var(--ast-global-color-5)","background-image":"","background-repeat":"repeat","background-position":"center center","background-size":"auto","background-attachment":"scroll","background-type":"","background-media":"","overlay-type":"","overlay-color":"","overlay-opacity":"","overlay-gradient":""},"tablet":{"background-color":"","background-image":"","background-repeat":"repeat","background-position":"center center","background-size":"auto","background-attachment":"scroll","background-type":"","background-media":"","overlay-type":"","overlay-color":"","overlay-opacity":"","overlay-gradient":""},"mobile":{"background-color":"","background-image":"","background-repeat":"repeat","background-position":"center center","background-size":"auto","background-attachment":"scroll","background-type":"","background-media":"","overlay-type":"","overlay-color":"","overlay-opacity":"","overlay-gradient":""}},"ast-content-background-meta":{"desktop":{"background-color":"var(--ast-global-color-4)","background-image":"","background-repeat":"repeat","background-position":"center center","background-size":"auto","background-attachment":"scroll","background-type":"","background-media":"","overlay-type":"","overlay-color":"","overlay-opacity":"","overlay-gradient":""},"tablet":{"background-color":"var(--ast-global-color-4)","background-image":"","background-repeat":"repeat","background-position":"center center","background-size":"auto","background-attachment":"scroll","background-type":"","background-media":"","overlay-type":"","overlay-color":"","overlay-opacity":"","overlay-gradient":""},"mobile":{"background-color":"var(--ast-global-color-4)","background-image":"","background-repeat":"repeat","background-position":"center center","background-size":"auto","background-attachment":"scroll","background-type":"","background-media":"","overlay-type":"","overlay-color":"","overlay-opacity":"","overlay-gradient":""}},"footnotes":""},"class_list":["post-100","page","type-page","status-publish","hentry"],"_links":{"self":[{"href":"https:\/\/ordo-urbis.com\/index.php\/wp-json\/wp\/v2\/pages\/100","targetHints":{"allow":["GET"]}}],"collection":[{"href":"https:\/\/ordo-urbis.com\/index.php\/wp-json\/wp\/v2\/pages"}],"about":[{"href":"https:\/\/ordo-urbis.com\/index.php\/wp-json\/wp\/v2\/types\/page"}],"author":[{"embeddable":true,"href":"https:\/\/ordo-urbis.com\/index.php\/wp-json\/wp\/v2\/users\/1"}],"replies":[{"embeddable":true,"href":"https:\/\/ordo-urbis.com\/index.php\/wp-json\/wp\/v2\/comments?post=100"}],"version-history":[{"count":20,"href":"https:\/\/ordo-urbis.com\/index.php\/wp-json\/wp\/v2\/pages\/100\/revisions"}],"predecessor-version":[{"id":574,"href":"https:\/\/ordo-urbis.com\/index.php\/wp-json\/wp\/v2\/pages\/100\/revisions\/574"}],"wp:attachment":[{"href":"https:\/\/ordo-urbis.com\/index.php\/wp-json\/wp\/v2\/media?parent=100"}],"curies":[{"name":"wp","href":"https:\/\/api.w.org\/{rel}","templated":true}]}}